{"id":892,"date":"2025-10-22T16:11:13","date_gmt":"2025-10-22T16:11:13","guid":{"rendered":"https:\/\/nomadbaby.eu\/producto\/paleta-magica-de-colores-chispeantes\/"},"modified":"2025-10-22T16:11:19","modified_gmt":"2025-10-22T16:11:19","slug":"paleta-magica-de-colores-chispeantes","status":"publish","type":"product","link":"https:\/\/nomadbaby.eu\/en\/producto\/paleta-magica-de-colores-chispeantes\/","title":{"rendered":"Paleta m\u00e1gica de colores chispeantes"},"content":{"rendered":"<p>\u00a1Descubre la magia del arte con nuestra paleta chispeante! Con colores vibrantes y f\u00e1cil de limpiar, desatar\u00e1 la creatividad de tu peque\u00f1o artista.<\/p>\n","protected":false},"excerpt":{"rendered":"<p>Paleta m\u00e1gica para el arte de los peque\u00f1os pintores.<\/p>\n","protected":false},"featured_media":893,"comment_status":"open","ping_status":"closed","template":"","meta":{"_acf_changed":false},"marca":[92,32],"product_brand":[],"product_cat":[17],"product_tag":[93,36,79],"class_list":{"0":"post-892","1":"product","2":"type-product","3":"status-publish","4":"has-post-thumbnail","6":"marca-artegenial","7":"marca-nomadbaby","8":"product_cat-sin-categorizar","9":"product_tag-colores-vivos","10":"product_tag-creatividad","11":"product_tag-pintura-ninos","13":"first","14":"instock","15":"sale","16":"shipping-taxable","17":"purchasable","18":"product-type-simple"},"acf":[],"yoast_head":"<!-- This site is optimized with the Yoast SEO plugin v27.4 - https:\/\/yoast.com\/product\/yoast-seo-wordpress\/ -->\n<title>Paleta m\u00e1gica de colores chispeantes - NoMadBaby<\/title>\n<meta name=\"robots\" content=\"index, follow, max-snippet:-1, max-image-preview:large, max-video-preview:-1\" \/>\n<link rel=\"canonical\" href=\"https:\/\/nomadbaby.eu\/en\/producto\/paleta-magica-de-colores-chispeantes\/\" \/>\n<meta property=\"og:locale\" content=\"en_US\" \/>\n<meta property=\"og:type\" content=\"article\" \/>\n<meta property=\"og:title\" content=\"Paleta m\u00e1gica de colores chispeantes - NoMadBaby\" \/>\n<meta property=\"og:description\" content=\"Paleta m\u00e1gica para el arte de los peque\u00f1os pintores.\" \/>\n<meta property=\"og:url\" content=\"https:\/\/nomadbaby.eu\/en\/producto\/paleta-magica-de-colores-chispeantes\/\" \/>\n<meta property=\"og:site_name\" content=\"NoMadBaby\" \/>\n<meta property=\"article:modified_time\" content=\"2025-10-22T16:11:19+00:00\" \/>\n<meta name=\"twitter:card\" content=\"summary_large_image\" \/>\n<!-- \/ Yoast SEO plugin. -->","yoast_head_json":{"title":"Paleta m\u00e1gica de colores chispeantes - NoMadBaby","robots":{"index":"index","follow":"follow","max-snippet":"max-snippet:-1","max-image-preview":"max-image-preview:large","max-video-preview":"max-video-preview:-1"},"canonical":"https:\/\/nomadbaby.eu\/en\/producto\/paleta-magica-de-colores-chispeantes\/","og_locale":"en_US","og_type":"article","og_title":"Paleta m\u00e1gica de colores chispeantes - NoMadBaby","og_description":"Paleta m\u00e1gica para el arte de los peque\u00f1os pintores.","og_url":"https:\/\/nomadbaby.eu\/en\/producto\/paleta-magica-de-colores-chispeantes\/","og_site_name":"NoMadBaby","article_modified_time":"2025-10-22T16:11:19+00:00","twitter_card":"summary_large_image","schema":{"@context":"https:\/\/schema.org","@graph":[{"@type":"WebPage","@id":"https:\/\/nomadbaby.eu\/en\/producto\/paleta-magica-de-colores-chispeantes\/","url":"https:\/\/nomadbaby.eu\/en\/producto\/paleta-magica-de-colores-chispeantes\/","name":"Paleta m\u00e1gica de colores chispeantes - NoMadBaby","isPartOf":{"@id":"https:\/\/nomadbaby.eu\/en\/#website"},"primaryImageOfPage":{"@id":"https:\/\/nomadbaby.eu\/en\/producto\/paleta-magica-de-colores-chispeantes\/#primaryimage"},"image":{"@id":"https:\/\/nomadbaby.eu\/en\/producto\/paleta-magica-de-colores-chispeantes\/#primaryimage"},"thumbnailUrl":"https:\/\/nomadbaby.eu\/wp-content\/uploads\/2025\/10\/Leonardo_Vision_XL_Crea_una_imagen_de_una_paleta_mgica_de_colo_0.jpg","datePublished":"2025-10-22T16:11:13+00:00","dateModified":"2025-10-22T16:11:19+00:00","breadcrumb":{"@id":"https:\/\/nomadbaby.eu\/en\/producto\/paleta-magica-de-colores-chispeantes\/#breadcrumb"},"inLanguage":"en-US","potentialAction":[{"@type":"ReadAction","target":["https:\/\/nomadbaby.eu\/en\/producto\/paleta-magica-de-colores-chispeantes\/"]}]},{"@type":"ImageObject","inLanguage":"en-US","@id":"https:\/\/nomadbaby.eu\/en\/producto\/paleta-magica-de-colores-chispeantes\/#primaryimage","url":"https:\/\/nomadbaby.eu\/wp-content\/uploads\/2025\/10\/Leonardo_Vision_XL_Crea_una_imagen_de_una_paleta_mgica_de_colo_0.jpg","contentUrl":"https:\/\/nomadbaby.eu\/wp-content\/uploads\/2025\/10\/Leonardo_Vision_XL_Crea_una_imagen_de_una_paleta_mgica_de_colo_0.jpg","width":1792,"height":1456},{"@type":"BreadcrumbList","@id":"https:\/\/nomadbaby.eu\/en\/producto\/paleta-magica-de-colores-chispeantes\/#breadcrumb","itemListElement":[{"@type":"ListItem","position":1,"name":"Portada","item":"https:\/\/nomadbaby.eu\/en\/home\/"},{"@type":"ListItem","position":2,"name":"Tienda","item":"https:\/\/nomadbaby.eu\/tienda\/"},{"@type":"ListItem","position":3,"name":"Paleta m\u00e1gica de colores chispeantes"}]},{"@type":"WebSite","@id":"https:\/\/nomadbaby.eu\/en\/#website","url":"https:\/\/nomadbaby.eu\/en\/","name":"NoMadBaby","description":"","publisher":{"@id":"https:\/\/nomadbaby.eu\/en\/#organization"},"potentialAction":[{"@type":"SearchAction","target":{"@type":"EntryPoint","urlTemplate":"https:\/\/nomadbaby.eu\/en\/?s={search_term_string}"},"query-input":{"@type":"PropertyValueSpecification","valueRequired":true,"valueName":"search_term_string"}}],"inLanguage":"en-US"},{"@type":"Organization","@id":"https:\/\/nomadbaby.eu\/en\/#organization","name":"NoMadBaby","url":"https:\/\/nomadbaby.eu\/en\/","logo":{"@type":"ImageObject","inLanguage":"en-US","@id":"https:\/\/nomadbaby.eu\/en\/#\/schema\/logo\/image\/","url":"https:\/\/nomadbaby.eu\/wp-content\/uploads\/2024\/05\/Diseno-sin-titulo.png","contentUrl":"https:\/\/nomadbaby.eu\/wp-content\/uploads\/2024\/05\/Diseno-sin-titulo.png","width":375,"height":375,"caption":"NoMadBaby"},"image":{"@id":"https:\/\/nomadbaby.eu\/en\/#\/schema\/logo\/image\/"}}]}},"_links":{"self":[{"href":"https:\/\/nomadbaby.eu\/en\/wp-json\/wp\/v2\/product\/892","targetHints":{"allow":["GET"]}}],"collection":[{"href":"https:\/\/nomadbaby.eu\/en\/wp-json\/wp\/v2\/product"}],"about":[{"href":"https:\/\/nomadbaby.eu\/en\/wp-json\/wp\/v2\/types\/product"}],"replies":[{"embeddable":true,"href":"https:\/\/nomadbaby.eu\/en\/wp-json\/wp\/v2\/comments?post=892"}],"wp:featuredmedia":[{"embeddable":true,"href":"https:\/\/nomadbaby.eu\/en\/wp-json\/wp\/v2\/media\/893"}],"wp:attachment":[{"href":"https:\/\/nomadbaby.eu\/en\/wp-json\/wp\/v2\/media?parent=892"}],"wp:term":[{"taxonomy":"marca","embeddable":true,"href":"https:\/\/nomadbaby.eu\/en\/wp-json\/wp\/v2\/marca?post=892"},{"taxonomy":"product_brand","embeddable":true,"href":"https:\/\/nomadbaby.eu\/en\/wp-json\/wp\/v2\/product_brand?post=892"},{"taxonomy":"product_cat","embeddable":true,"href":"https:\/\/nomadbaby.eu\/en\/wp-json\/wp\/v2\/product_cat?post=892"},{"taxonomy":"product_tag","embeddable":true,"href":"https:\/\/nomadbaby.eu\/en\/wp-json\/wp\/v2\/product_tag?post=892"}],"curies":[{"name":"wp","href":"https:\/\/api.w.org\/{rel}","templated":true}]}}