{"id":897,"date":"2025-10-22T16:11:55","date_gmt":"2025-10-22T16:11:55","guid":{"rendered":"https:\/\/nomadbaby.eu\/producto\/paleta-de-colores-nomadica-divertida\/"},"modified":"2025-10-22T16:12:01","modified_gmt":"2025-10-22T16:12:01","slug":"paleta-de-colores-nomadica-divertida","status":"publish","type":"product","link":"https:\/\/nomadbaby.eu\/en\/producto\/paleta-de-colores-nomadica-divertida\/","title":{"rendered":"Paleta de Colores Nom\u00e1dica Divertida"},"content":{"rendered":"<p>\u00a1Dale vida a tu creatividad con esta paleta de colores llenos de alegr\u00eda! Ideal para proyectos art\u00edsticos donde la diversi\u00f3n no tiene l\u00edmites.<\/p>\n","protected":false},"excerpt":{"rendered":"<p>Paleta de colores vibrantes para tus obras maestras divertidas.<\/p>\n","protected":false},"featured_media":898,"comment_status":"open","ping_status":"closed","template":"","meta":{"_acf_changed":false},"marca":[94,32],"product_brand":[],"product_cat":[30],"product_tag":[95,36,50],"class_list":{"0":"post-897","1":"product","2":"type-product","3":"status-publish","4":"has-post-thumbnail","6":"marca-artjoy","7":"marca-nomadbaby","8":"product_cat-accesorios","9":"product_tag-colores","10":"product_tag-creatividad","11":"product_tag-diversion","13":"first","14":"instock","15":"sale","16":"shipping-taxable","17":"purchasable","18":"product-type-simple"},"acf":[],"yoast_head":"<!-- This site is optimized with the Yoast SEO plugin v27.4 - https:\/\/yoast.com\/product\/yoast-seo-wordpress\/ -->\n<title>Paleta de Colores Nom\u00e1dica Divertida - NoMadBaby<\/title>\n<meta name=\"robots\" content=\"index, follow, max-snippet:-1, max-image-preview:large, max-video-preview:-1\" \/>\n<link rel=\"canonical\" href=\"https:\/\/nomadbaby.eu\/en\/producto\/paleta-de-colores-nomadica-divertida\/\" \/>\n<meta property=\"og:locale\" content=\"en_US\" \/>\n<meta property=\"og:type\" content=\"article\" \/>\n<meta property=\"og:title\" content=\"Paleta de Colores Nom\u00e1dica Divertida - NoMadBaby\" \/>\n<meta property=\"og:description\" content=\"Paleta de colores vibrantes para tus obras maestras divertidas.\" \/>\n<meta property=\"og:url\" content=\"https:\/\/nomadbaby.eu\/en\/producto\/paleta-de-colores-nomadica-divertida\/\" \/>\n<meta property=\"og:site_name\" content=\"NoMadBaby\" \/>\n<meta property=\"article:modified_time\" content=\"2025-10-22T16:12:01+00:00\" \/>\n<meta name=\"twitter:card\" content=\"summary_large_image\" \/>\n<!-- \/ Yoast SEO plugin. -->","yoast_head_json":{"title":"Paleta de Colores Nom\u00e1dica Divertida - NoMadBaby","robots":{"index":"index","follow":"follow","max-snippet":"max-snippet:-1","max-image-preview":"max-image-preview:large","max-video-preview":"max-video-preview:-1"},"canonical":"https:\/\/nomadbaby.eu\/en\/producto\/paleta-de-colores-nomadica-divertida\/","og_locale":"en_US","og_type":"article","og_title":"Paleta de Colores Nom\u00e1dica Divertida - NoMadBaby","og_description":"Paleta de colores vibrantes para tus obras maestras divertidas.","og_url":"https:\/\/nomadbaby.eu\/en\/producto\/paleta-de-colores-nomadica-divertida\/","og_site_name":"NoMadBaby","article_modified_time":"2025-10-22T16:12:01+00:00","twitter_card":"summary_large_image","schema":{"@context":"https:\/\/schema.org","@graph":[{"@type":"WebPage","@id":"https:\/\/nomadbaby.eu\/en\/producto\/paleta-de-colores-nomadica-divertida\/","url":"https:\/\/nomadbaby.eu\/en\/producto\/paleta-de-colores-nomadica-divertida\/","name":"Paleta de Colores Nom\u00e1dica Divertida - NoMadBaby","isPartOf":{"@id":"https:\/\/nomadbaby.eu\/en\/#website"},"primaryImageOfPage":{"@id":"https:\/\/nomadbaby.eu\/en\/producto\/paleta-de-colores-nomadica-divertida\/#primaryimage"},"image":{"@id":"https:\/\/nomadbaby.eu\/en\/producto\/paleta-de-colores-nomadica-divertida\/#primaryimage"},"thumbnailUrl":"https:\/\/nomadbaby.eu\/wp-content\/uploads\/2025\/10\/Leonardo_Vision_XL_Crear_una_imagen_vibrante_y_divertida_que_c_0.jpg","datePublished":"2025-10-22T16:11:55+00:00","dateModified":"2025-10-22T16:12:01+00:00","breadcrumb":{"@id":"https:\/\/nomadbaby.eu\/en\/producto\/paleta-de-colores-nomadica-divertida\/#breadcrumb"},"inLanguage":"en-US","potentialAction":[{"@type":"ReadAction","target":["https:\/\/nomadbaby.eu\/en\/producto\/paleta-de-colores-nomadica-divertida\/"]}]},{"@type":"ImageObject","inLanguage":"en-US","@id":"https:\/\/nomadbaby.eu\/en\/producto\/paleta-de-colores-nomadica-divertida\/#primaryimage","url":"https:\/\/nomadbaby.eu\/wp-content\/uploads\/2025\/10\/Leonardo_Vision_XL_Crear_una_imagen_vibrante_y_divertida_que_c_0.jpg","contentUrl":"https:\/\/nomadbaby.eu\/wp-content\/uploads\/2025\/10\/Leonardo_Vision_XL_Crear_una_imagen_vibrante_y_divertida_que_c_0.jpg","width":1792,"height":1456},{"@type":"BreadcrumbList","@id":"https:\/\/nomadbaby.eu\/en\/producto\/paleta-de-colores-nomadica-divertida\/#breadcrumb","itemListElement":[{"@type":"ListItem","position":1,"name":"Portada","item":"https:\/\/nomadbaby.eu\/en\/home\/"},{"@type":"ListItem","position":2,"name":"Tienda","item":"https:\/\/nomadbaby.eu\/tienda\/"},{"@type":"ListItem","position":3,"name":"Paleta de Colores Nom\u00e1dica Divertida"}]},{"@type":"WebSite","@id":"https:\/\/nomadbaby.eu\/en\/#website","url":"https:\/\/nomadbaby.eu\/en\/","name":"NoMadBaby","description":"","publisher":{"@id":"https:\/\/nomadbaby.eu\/en\/#organization"},"potentialAction":[{"@type":"SearchAction","target":{"@type":"EntryPoint","urlTemplate":"https:\/\/nomadbaby.eu\/en\/?s={search_term_string}"},"query-input":{"@type":"PropertyValueSpecification","valueRequired":true,"valueName":"search_term_string"}}],"inLanguage":"en-US"},{"@type":"Organization","@id":"https:\/\/nomadbaby.eu\/en\/#organization","name":"NoMadBaby","url":"https:\/\/nomadbaby.eu\/en\/","logo":{"@type":"ImageObject","inLanguage":"en-US","@id":"https:\/\/nomadbaby.eu\/en\/#\/schema\/logo\/image\/","url":"https:\/\/nomadbaby.eu\/wp-content\/uploads\/2024\/05\/Diseno-sin-titulo.png","contentUrl":"https:\/\/nomadbaby.eu\/wp-content\/uploads\/2024\/05\/Diseno-sin-titulo.png","width":375,"height":375,"caption":"NoMadBaby"},"image":{"@id":"https:\/\/nomadbaby.eu\/en\/#\/schema\/logo\/image\/"}}]}},"_links":{"self":[{"href":"https:\/\/nomadbaby.eu\/en\/wp-json\/wp\/v2\/product\/897","targetHints":{"allow":["GET"]}}],"collection":[{"href":"https:\/\/nomadbaby.eu\/en\/wp-json\/wp\/v2\/product"}],"about":[{"href":"https:\/\/nomadbaby.eu\/en\/wp-json\/wp\/v2\/types\/product"}],"replies":[{"embeddable":true,"href":"https:\/\/nomadbaby.eu\/en\/wp-json\/wp\/v2\/comments?post=897"}],"wp:featuredmedia":[{"embeddable":true,"href":"https:\/\/nomadbaby.eu\/en\/wp-json\/wp\/v2\/media\/898"}],"wp:attachment":[{"href":"https:\/\/nomadbaby.eu\/en\/wp-json\/wp\/v2\/media?parent=897"}],"wp:term":[{"taxonomy":"marca","embeddable":true,"href":"https:\/\/nomadbaby.eu\/en\/wp-json\/wp\/v2\/marca?post=897"},{"taxonomy":"product_brand","embeddable":true,"href":"https:\/\/nomadbaby.eu\/en\/wp-json\/wp\/v2\/product_brand?post=897"},{"taxonomy":"product_cat","embeddable":true,"href":"https:\/\/nomadbaby.eu\/en\/wp-json\/wp\/v2\/product_cat?post=897"},{"taxonomy":"product_tag","embeddable":true,"href":"https:\/\/nomadbaby.eu\/en\/wp-json\/wp\/v2\/product_tag?post=897"}],"curies":[{"name":"wp","href":"https:\/\/api.w.org\/{rel}","templated":true}]}}