{"id":907,"date":"2025-10-22T16:13:20","date_gmt":"2025-10-22T16:13:20","guid":{"rendered":"https:\/\/nomadbaby.eu\/producto\/pinceles-magicos-nomadbaby-2\/"},"modified":"2025-10-22T16:13:27","modified_gmt":"2025-10-22T16:13:27","slug":"pinceles-magicos-nomadbaby-2","status":"publish","type":"product","link":"https:\/\/nomadbaby.eu\/en\/producto\/pinceles-magicos-nomadbaby-2\/","title":{"rendered":"Pinceles M\u00e1gicos NoMadBaby"},"content":{"rendered":"<p>Dale vida a tus creaciones con nuestros pinceles m\u00e1gicos. Perfectos para artistas peque\u00f1os con grandes sue\u00f1os. Incluye variedad de pinceladas y colores.<\/p>\n","protected":false},"excerpt":{"rendered":"<p>Pinceles para peque\u00f1os artistas con sue\u00f1os grandes.<\/p>\n","protected":false},"featured_media":908,"comment_status":"open","ping_status":"closed","template":"","meta":{"_acf_changed":false},"marca":[100,32],"product_brand":[],"product_cat":[17],"product_tag":[36,50,73],"class_list":{"0":"post-907","1":"product","2":"type-product","3":"status-publish","4":"has-post-thumbnail","6":"marca-artenomada","7":"marca-nomadbaby","8":"product_cat-sin-categorizar","9":"product_tag-creatividad","10":"product_tag-diversion","11":"product_tag-pintura","13":"first","14":"instock","15":"sale","16":"shipping-taxable","17":"purchasable","18":"product-type-simple"},"acf":[],"yoast_head":"<!-- This site is optimized with the Yoast SEO plugin v27.4 - https:\/\/yoast.com\/product\/yoast-seo-wordpress\/ -->\n<title>Pinceles M\u00e1gicos NoMadBaby - NoMadBaby<\/title>\n<meta name=\"robots\" content=\"index, follow, max-snippet:-1, max-image-preview:large, max-video-preview:-1\" \/>\n<link rel=\"canonical\" href=\"https:\/\/nomadbaby.eu\/en\/producto\/pinceles-magicos-nomadbaby-2\/\" \/>\n<meta property=\"og:locale\" content=\"en_US\" \/>\n<meta property=\"og:type\" content=\"article\" \/>\n<meta property=\"og:title\" content=\"Pinceles M\u00e1gicos NoMadBaby - NoMadBaby\" \/>\n<meta property=\"og:description\" content=\"Pinceles para peque\u00f1os artistas con sue\u00f1os grandes.\" \/>\n<meta property=\"og:url\" content=\"https:\/\/nomadbaby.eu\/en\/producto\/pinceles-magicos-nomadbaby-2\/\" \/>\n<meta property=\"og:site_name\" content=\"NoMadBaby\" \/>\n<meta property=\"article:modified_time\" content=\"2025-10-22T16:13:27+00:00\" \/>\n<meta name=\"twitter:card\" content=\"summary_large_image\" \/>\n<!-- \/ Yoast SEO plugin. -->","yoast_head_json":{"title":"Pinceles M\u00e1gicos NoMadBaby - NoMadBaby","robots":{"index":"index","follow":"follow","max-snippet":"max-snippet:-1","max-image-preview":"max-image-preview:large","max-video-preview":"max-video-preview:-1"},"canonical":"https:\/\/nomadbaby.eu\/en\/producto\/pinceles-magicos-nomadbaby-2\/","og_locale":"en_US","og_type":"article","og_title":"Pinceles M\u00e1gicos NoMadBaby - NoMadBaby","og_description":"Pinceles para peque\u00f1os artistas con sue\u00f1os grandes.","og_url":"https:\/\/nomadbaby.eu\/en\/producto\/pinceles-magicos-nomadbaby-2\/","og_site_name":"NoMadBaby","article_modified_time":"2025-10-22T16:13:27+00:00","twitter_card":"summary_large_image","schema":{"@context":"https:\/\/schema.org","@graph":[{"@type":"WebPage","@id":"https:\/\/nomadbaby.eu\/en\/producto\/pinceles-magicos-nomadbaby-2\/","url":"https:\/\/nomadbaby.eu\/en\/producto\/pinceles-magicos-nomadbaby-2\/","name":"Pinceles M\u00e1gicos NoMadBaby - NoMadBaby","isPartOf":{"@id":"https:\/\/nomadbaby.eu\/en\/#website"},"primaryImageOfPage":{"@id":"https:\/\/nomadbaby.eu\/en\/producto\/pinceles-magicos-nomadbaby-2\/#primaryimage"},"image":{"@id":"https:\/\/nomadbaby.eu\/en\/producto\/pinceles-magicos-nomadbaby-2\/#primaryimage"},"thumbnailUrl":"https:\/\/nomadbaby.eu\/wp-content\/uploads\/2025\/10\/Leonardo_Vision_XL_Un_set_de_pinceles_coloridos_brillantes_y_m_0.jpg","datePublished":"2025-10-22T16:13:20+00:00","dateModified":"2025-10-22T16:13:27+00:00","breadcrumb":{"@id":"https:\/\/nomadbaby.eu\/en\/producto\/pinceles-magicos-nomadbaby-2\/#breadcrumb"},"inLanguage":"en-US","potentialAction":[{"@type":"ReadAction","target":["https:\/\/nomadbaby.eu\/en\/producto\/pinceles-magicos-nomadbaby-2\/"]}]},{"@type":"ImageObject","inLanguage":"en-US","@id":"https:\/\/nomadbaby.eu\/en\/producto\/pinceles-magicos-nomadbaby-2\/#primaryimage","url":"https:\/\/nomadbaby.eu\/wp-content\/uploads\/2025\/10\/Leonardo_Vision_XL_Un_set_de_pinceles_coloridos_brillantes_y_m_0.jpg","contentUrl":"https:\/\/nomadbaby.eu\/wp-content\/uploads\/2025\/10\/Leonardo_Vision_XL_Un_set_de_pinceles_coloridos_brillantes_y_m_0.jpg","width":1792,"height":1456},{"@type":"BreadcrumbList","@id":"https:\/\/nomadbaby.eu\/en\/producto\/pinceles-magicos-nomadbaby-2\/#breadcrumb","itemListElement":[{"@type":"ListItem","position":1,"name":"Portada","item":"https:\/\/nomadbaby.eu\/en\/home\/"},{"@type":"ListItem","position":2,"name":"Tienda","item":"https:\/\/nomadbaby.eu\/tienda\/"},{"@type":"ListItem","position":3,"name":"Pinceles M\u00e1gicos NoMadBaby"}]},{"@type":"WebSite","@id":"https:\/\/nomadbaby.eu\/en\/#website","url":"https:\/\/nomadbaby.eu\/en\/","name":"NoMadBaby","description":"","publisher":{"@id":"https:\/\/nomadbaby.eu\/en\/#organization"},"potentialAction":[{"@type":"SearchAction","target":{"@type":"EntryPoint","urlTemplate":"https:\/\/nomadbaby.eu\/en\/?s={search_term_string}"},"query-input":{"@type":"PropertyValueSpecification","valueRequired":true,"valueName":"search_term_string"}}],"inLanguage":"en-US"},{"@type":"Organization","@id":"https:\/\/nomadbaby.eu\/en\/#organization","name":"NoMadBaby","url":"https:\/\/nomadbaby.eu\/en\/","logo":{"@type":"ImageObject","inLanguage":"en-US","@id":"https:\/\/nomadbaby.eu\/en\/#\/schema\/logo\/image\/","url":"https:\/\/nomadbaby.eu\/wp-content\/uploads\/2024\/05\/Diseno-sin-titulo.png","contentUrl":"https:\/\/nomadbaby.eu\/wp-content\/uploads\/2024\/05\/Diseno-sin-titulo.png","width":375,"height":375,"caption":"NoMadBaby"},"image":{"@id":"https:\/\/nomadbaby.eu\/en\/#\/schema\/logo\/image\/"}}]}},"_links":{"self":[{"href":"https:\/\/nomadbaby.eu\/en\/wp-json\/wp\/v2\/product\/907","targetHints":{"allow":["GET"]}}],"collection":[{"href":"https:\/\/nomadbaby.eu\/en\/wp-json\/wp\/v2\/product"}],"about":[{"href":"https:\/\/nomadbaby.eu\/en\/wp-json\/wp\/v2\/types\/product"}],"replies":[{"embeddable":true,"href":"https:\/\/nomadbaby.eu\/en\/wp-json\/wp\/v2\/comments?post=907"}],"wp:featuredmedia":[{"embeddable":true,"href":"https:\/\/nomadbaby.eu\/en\/wp-json\/wp\/v2\/media\/908"}],"wp:attachment":[{"href":"https:\/\/nomadbaby.eu\/en\/wp-json\/wp\/v2\/media?parent=907"}],"wp:term":[{"taxonomy":"marca","embeddable":true,"href":"https:\/\/nomadbaby.eu\/en\/wp-json\/wp\/v2\/marca?post=907"},{"taxonomy":"product_brand","embeddable":true,"href":"https:\/\/nomadbaby.eu\/en\/wp-json\/wp\/v2\/product_brand?post=907"},{"taxonomy":"product_cat","embeddable":true,"href":"https:\/\/nomadbaby.eu\/en\/wp-json\/wp\/v2\/product_cat?post=907"},{"taxonomy":"product_tag","embeddable":true,"href":"https:\/\/nomadbaby.eu\/en\/wp-json\/wp\/v2\/product_tag?post=907"}],"curies":[{"name":"wp","href":"https:\/\/api.w.org\/{rel}","templated":true}]}}