{"id":950,"date":"2024-05-14T15:37:35","date_gmt":"2024-05-14T15:37:35","guid":{"rendered":"https:\/\/nomadbaby.eu\/politica-de-cookies\/"},"modified":"2025-10-23T14:11:58","modified_gmt":"2025-10-23T14:11:58","slug":"politique-de-cookies","status":"publish","type":"page","link":"https:\/\/nomadbaby.eu\/fr\/politique-de-cookies\/","title":{"rendered":"Politique de cookies"},"content":{"rendered":"<section class=\"text_content_text_1_1 background-1-light\" data-block-id=\"69e4b877439ec69e4b877439ed\">\r\n    <div class=\"container\">\r\n        <div class=\"row\">\r\n            <div class=\"col\">\r\n                <div class=\"content-theme\">\r\n                                        <div class=\"texto color-1-headings-dark tamano7\">\r\n                        <h2 style='text-align: center'>POLITIQUE DE COOKIES <br \/>\n https:\/\/nomadbaby.eu\/fr\/<\/h2>\n<p> &nbsp;<\/p>\n<p>\n L&rsquo;acc\u00e8s \u00e0 ce site Web peut impliquer l&rsquo;utilisation de cookies. Les cookies sont de petites quantit\u00e9s d&rsquo;informations qui sont stock\u00e9es sur le navigateur utilis\u00e9 par chaque utilisateur &#8211; sur les diff\u00e9rents appareils qu&rsquo;il pourrait utiliser pour naviguer &#8211; afin que le serveur se souvienne de certaines informations que par la suite et uniquement le serveur qui les a mises en place lira. Les cookies facilitent la navigation, la rendent plus conviviale, et ne nuisent pas \u00e0 l&rsquo;appareil de navigation.<\/p>\n<p>\n Les cookies sont des proc\u00e9dures automatiques de collecte d&rsquo;informations relatives aux pr\u00e9f\u00e9rences d\u00e9termin\u00e9es par l&rsquo;utilisateur lors de sa visite sur le site Web afin de le reconna\u00eetre en tant qu&rsquo;utilisateur, de personnaliser son exp\u00e9rience et l&rsquo;utilisation du site Web, et peuvent aussi, par exemple, aider \u00e0 identifier et r\u00e9soudre les erreurs.\n <\/p>\n<p>\n Les informations recueillies par les cookies peuvent inclure la date et l&rsquo;heure des visites sur le site Web, les pages visionn\u00e9es, le temps pass\u00e9 sur le site Web et les sites visit\u00e9s juste avant et apr\u00e8s celui-ci. Cependant, aucun cookie ne permet \u00e0 celui-ci de contacter le num\u00e9ro de t\u00e9l\u00e9phone de l&rsquo;utilisateur ou tout autre moyen de contact personnel. Aucun cookie ne peut extraire des informations du disque dur de l&rsquo;utilisateur ou voler des informations personnelles. La seule fa\u00e7on pour que les informations priv\u00e9es de l&rsquo;utilisateur fassent partie du fichier Cookie est que l&rsquo;utilisateur fournisse personnellement ces informations au serveur.<\/p>\n<p>\n Les cookies qui permettent d&rsquo;identifier une personne sont consid\u00e9r\u00e9s comme des donn\u00e9es personnelles. Par cons\u00e9quent, la Politique de Confidentialit\u00e9 pr\u00e9c\u00e9demment d\u00e9crite leur sera applicable. Dans ce sens, pour leur utilisation, le consentement de l&rsquo;utilisateur sera n\u00e9cessaire. Ce consentement sera communiqu\u00e9, bas\u00e9 sur un choix authentique, offert par une d\u00e9cision affirmative et positive, avant le traitement initial, r\u00e9vocable et document\u00e9.<\/p>\n<p> &nbsp;<\/p>\n<h4>Cookies internes<\/h4>\n<p>\n Ce sont les cookies envoy\u00e9s \u00e0 l&rsquo;ordinateur ou l&rsquo;appareil de l&rsquo;utilisateur et g\u00e9r\u00e9s exclusivement par le blog de  pour le bon fonctionnement du site Web. Les informations recueillies sont utilis\u00e9es pour am\u00e9liorer la qualit\u00e9 du site Web et son contenu ainsi que l&rsquo;exp\u00e9rience utilisateur. Ces cookies permettent de reconna\u00eetre l&rsquo;utilisateur en tant que visiteur r\u00e9current du site Web et d&rsquo;adapter le contenu pour lui offrir des contenus qui correspondent \u00e0 ses pr\u00e9f\u00e9rences.<\/p>\n<p> &nbsp;<\/p>\n<h4>Cookies tiers<\/h4>\n<p>\n Ce sont des cookies utilis\u00e9s et g\u00e9r\u00e9s par des entit\u00e9s externes qui fournissent des services demand\u00e9s par le blog de  pour am\u00e9liorer le site Web et l&rsquo;exp\u00e9rience utilisateur lors de la navigation sur le site Web. Les principaux objectifs pour lesquels des cookies tiers sont utilis\u00e9s sont d&rsquo;obtenir des statistiques d&rsquo;acc\u00e8s et d&rsquo;analyser les informations de navigation, c&rsquo;est-\u00e0-dire la mani\u00e8re dont l&rsquo;utilisateur interagit avec le site Web.<\/p>\n<p>\n Les informations obtenues concernent, par exemple, le nombre de pages visit\u00e9es, la langue, le lieu auquel l&rsquo;adresse IP \u00e0 partir de laquelle l&rsquo;utilisateur acc\u00e8de, le nombre d&rsquo;utilisateurs qui acc\u00e8dent, la fr\u00e9quence et r\u00e9currence des visites, le temps de visite, le navigateur utilis\u00e9, l&rsquo;op\u00e9rateur ou le type d&rsquo;appareil \u00e0 partir duquel la visite est effectu\u00e9e. Ces informations sont utilis\u00e9es pour am\u00e9liorer le site Web et d\u00e9tecter de nouveaux besoins afin d&rsquo;offrir aux utilisateurs un contenu et\/ou un service de qualit\u00e9 optimale. En tout cas, les informations sont collect\u00e9es de mani\u00e8re anonyme et des rapports de tendances du site Web sont \u00e9tablis sans identifier des utilisateurs individuels.<\/p>\n<p>\n Vous pouvez obtenir plus d&rsquo;informations sur les cookies, les informations sur la confidentialit\u00e9, ou consulter la description du type de cookies utilis\u00e9, leurs principales caract\u00e9ristiques, p\u00e9riode d&rsquo;expiration, etc. dans le(s) lien(s) suivant(s) :\n <\/p>\n<p>\n Le(s) entit\u00e9(s) responsable(s) de la fourniture de cookies pourra(ont) transmettre ces informations \u00e0 des tiers, \u00e0 condition que la loi l&rsquo;exige ou qu&rsquo;un tiers traite ces informations pour ces entit\u00e9s.\n <\/p>\n<p> &nbsp;<\/p>\n<h4>\n Cookies des r\u00e9seaux sociaux<\/h4>\n<p>\nLe blog de  int\u00e8gre des plugins de r\u00e9seaux sociaux, qui permettent d&rsquo;acc\u00e9der \u00e0 ceux-ci \u00e0 partir du site Web. Pour cette raison, des cookies de r\u00e9seaux sociaux peuvent \u00eatre stock\u00e9s dans le navigateur de l&rsquo;utilisateur. Les titulaires de ces r\u00e9seaux sociaux disposent de leurs propres politiques de protection des donn\u00e9es et de cookies, \u00e9tant eux-m\u00eames, dans chaque cas, responsables de leurs propres fichiers et de leurs pratiques de confidentialit\u00e9. L&rsquo;utilisateur doit se r\u00e9f\u00e9rer \u00e0 celles-ci pour s&rsquo;informer sur ces cookies et, le cas \u00e9ch\u00e9ant, sur le traitement de ses donn\u00e9es personnelles. \u00c0 titre d&rsquo;information uniquement, les liens o\u00f9 vous pouvez consulter ces politiques de confidentialit\u00e9 et\/ou de cookies sont indiqu\u00e9s ci-dessous :<\/p>\n<ul>\n<li>Facebook : <a href='https:\/\/www.facebook.com\/policies\/cookies\/'>https:\/\/www.facebook.com\/policies\/cookies\/<\/a><\/li>\n<li>Twitter : <a href='https:\/\/twitter.com\/fr\/privacy'>https:\/\/twitter.com\/fr\/privacy<\/a><\/li>\n<li>Instagram : <a href='https:\/\/help.instagram.com\/1896641480634370?ref=ig'>https:\/\/help.instagram.com\/1896641480634370?ref=ig<\/a><\/li>\n<li>YouTube : <a href='https:\/\/policies.google.com\/privacy?hl=fr-419&amp;gl=fr'>https:\/\/policies.google.com\/privacy?hl=fr-419&amp;gl=fr<\/a><\/li>\n<li>Pinterest : <a href='https:\/\/policy.pinterest.com\/fr\/privacy-policy'>https:\/\/policy.pinterest.com\/fr\/privacy-policy<\/a><\/li>\n<li>LinkedIn : <a href='https:\/\/www.linkedin.com\/legal\/cookie-policy?trk=hp-cookies'>https:\/\/www.linkedin.com\/legal\/cookie-policy?trk=hp-cookies<\/a><\/li>\n<li>D\u00e9sactiver, rejeter et supprimer les cookies<\/li>\n<\/ul>\n<p>\n L&rsquo;utilisateur peut d\u00e9sactiver, rejeter et supprimer les cookies &#8211; totalement ou partiellement &#8211; install\u00e9s sur son appareil via la configuration de son navigateur (parmi lesquels se trouvent, par exemple, Chrome, Firefox, Safari, Explorer). Dans ce sens, les proc\u00e9dures pour rejeter et supprimer les cookies peuvent diff\u00e9rer d&rsquo;un navigateur Internet \u00e0 l&rsquo;autre. Par cons\u00e9quent, l&rsquo;utilisateur doit consulter les instructions fournies par le navigateur Internet qu&rsquo;il utilise. Dans le cas o\u00f9 il refuse l&rsquo;utilisation de cookies &#8211; totalement ou partiellement &#8211; il pourra toujours utiliser le site Web, bien qu&rsquo;il puisse avoir une utilisation limit\u00e9e de certaines de ses fonctionnalit\u00e9s.<\/p>\n<p>\n Ce document de Politique de Cookies a \u00e9t\u00e9 cr\u00e9\u00e9 par le g\u00e9n\u00e9rateur de mod\u00e8le de politique de cookies en ligne gratuit le 18\/02\/2024.\n <\/p>\n                    <\/div>\r\n                                    <\/div>\r\n            <\/div>\r\n        <\/div>\r\n    <\/div>\r\n<\/section>\r\n<style>\r\n    .text_content_text_1_1 h1 {\r\n        padding-bottom: 60px;\r\n        font-size: var(--tamano1-font-size);\r\n        font-weight: var(--tamano1-font-weight);\r\n        line-height: var(--tamano1-line-height);\r\n        letter-spacing: var(--tamano1-letter-spacing);\r\n        font-family: var(--tamano1-font-family);\r\n        color: var(--color-2-headings-dark);\r\n    }\r\n\r\n    .text_content_text_1_1 h2 {\r\n        padding-bottom: 60px;\r\n        font-size: var(--tamano2-font-size);\r\n        font-weight: var(--tamano2-font-weight);\r\n        line-height: var(--tamano2-line-height);\r\n        letter-spacing: var(--tamano2-letter-spacing);\r\n        font-family: var(--tamano2-font-family);\r\n        color: var(--color-2-headings-dark);\r\n    }\r\n\r\n    .text_content_text_1_1 h3 {\r\n        padding-bottom: 60px;\r\n        font-size: var(--tamano3-font-size);\r\n        font-weight: var(--tamano3-font-weight);\r\n        line-height: var(--tamano3-line-height);\r\n        letter-spacing: var(--tamano3-letter-spacing);\r\n        font-family: var(--tamano3-font-family);\r\n        color: var(--color-2-headings-dark);\r\n    }\r\n\r\n    .text_content_text_1_1 h4 {\r\n        padding-bottom: 60px;\r\n        font-size: var(--tamano4-font-size);\r\n        font-weight: var(--tamano4-font-weight);\r\n        line-height: var(--tamano4-line-height);\r\n        letter-spacing: var(--tamano4-letter-spacing);\r\n        font-family: var(--tamano4-font-family);\r\n        color: var(--color-2-headings-dark);\r\n    }\r\n\r\n    .text_content_text_1_1 ul,\r\n    .text_content_text_1_1 ol {\r\n        padding-left: 20px;\r\n    }\r\n\r\n    .text_content_text_1_1 .row .col {\r\n        padding-top: 75px;\r\n        width: 100%;\r\n    }\r\n\r\n\r\n    .text_content_text_1_1 .texto {\r\n        margin-bottom: 50px;\r\n    }\r\n\r\n    .text_content_text_1_1 .texto * {\r\n        padding-bottom: 20px;\r\n    }\r\n\r\n\r\n    .text_content_text_1_1 .row {\r\n        display: flex;\r\n        gap: 0px;\r\n    }\r\n\r\n    .text_content_text_1_1 {\r\n        position: relative;\r\n        background-position: center;\r\n        background-repeat: no-repeat;\r\n        background-size: cover;\r\n        padding: 81px 150px;\r\n        margin-top: -1px;\r\n    }\r\n\r\n    @media (max-width:1750px) {\r\n        .text_content_text_1_1 .row {\r\n            gap: 100px;\r\n        }\r\n    }\r\n\r\n    @media (max-width:1550px) {\r\n        .text_content_text_1_1 {\r\n            padding-left: 50px;\r\n            padding-right: 50px;\r\n        }\r\n    }\r\n\r\n    @media (max-width:1350px) {\r\n        .text_content_text_1_1 .row {\r\n            gap: 30px;\r\n        }\r\n    }\r\n\r\n    @media (max-width:1200px) {\r\n        .text_content_text_1_1 {\r\n            padding-left: 0;\r\n            padding-right: 0;\r\n        }\r\n    }\r\n\r\n    @media (max-width:992px) {\r\n        .text_content_text_1_1 .row .col-left {\r\n            padding-top: 0;\r\n            max-width: 100%;\r\n        }\r\n\r\n        .text_content_text_1_1 .texto {\r\n            margin-bottom: 35px;\r\n        }\r\n\r\n        .text_content_text_1_1 h2 {\r\n            padding-bottom: 40px;\r\n        }\r\n\r\n        .text_content_text_1_1 {\r\n            padding: 40px 0;\r\n        }\r\n    }\r\n<\/style>\r\n","protected":false},"excerpt":{"rendered":"","protected":false},"author":0,"featured_media":0,"parent":0,"menu_order":0,"comment_status":"open","ping_status":"closed","template":"","meta":{"_acf_changed":false,"footnotes":""},"class_list":["post-950","page","type-page","status-publish","hentry"],"acf":[],"yoast_head":"<!-- This site is optimized with the Yoast SEO plugin v27.4 - https:\/\/yoast.com\/product\/yoast-seo-wordpress\/ -->\n<title>Politique de cookies - NoMadBaby<\/title>\n<meta name=\"robots\" content=\"index, follow, max-snippet:-1, max-image-preview:large, max-video-preview:-1\" \/>\n<link rel=\"canonical\" href=\"https:\/\/nomadbaby.eu\/fr\/politique-de-cookies\/\" \/>\n<meta property=\"og:locale\" content=\"fr_FR\" \/>\n<meta property=\"og:type\" content=\"article\" \/>\n<meta property=\"og:title\" content=\"Politique de cookies - NoMadBaby\" \/>\n<meta property=\"og:url\" content=\"https:\/\/nomadbaby.eu\/fr\/politique-de-cookies\/\" \/>\n<meta property=\"og:site_name\" content=\"NoMadBaby\" \/>\n<meta property=\"article:modified_time\" content=\"2025-10-23T14:11:58+00:00\" \/>\n<meta name=\"twitter:card\" content=\"summary_large_image\" \/>\n<!-- \/ Yoast SEO plugin. -->","yoast_head_json":{"title":"Politique de cookies - NoMadBaby","robots":{"index":"index","follow":"follow","max-snippet":"max-snippet:-1","max-image-preview":"max-image-preview:large","max-video-preview":"max-video-preview:-1"},"canonical":"https:\/\/nomadbaby.eu\/fr\/politique-de-cookies\/","og_locale":"fr_FR","og_type":"article","og_title":"Politique de cookies - NoMadBaby","og_url":"https:\/\/nomadbaby.eu\/fr\/politique-de-cookies\/","og_site_name":"NoMadBaby","article_modified_time":"2025-10-23T14:11:58+00:00","twitter_card":"summary_large_image","schema":{"@context":"https:\/\/schema.org","@graph":[{"@type":"WebPage","@id":"https:\/\/nomadbaby.eu\/fr\/politique-de-cookies\/","url":"https:\/\/nomadbaby.eu\/fr\/politique-de-cookies\/","name":"Politique de cookies - NoMadBaby","isPartOf":{"@id":"https:\/\/nomadbaby.eu\/fr\/#website"},"datePublished":"2024-05-14T15:37:35+00:00","dateModified":"2025-10-23T14:11:58+00:00","breadcrumb":{"@id":"https:\/\/nomadbaby.eu\/fr\/politique-de-cookies\/#breadcrumb"},"inLanguage":"fr-FR","potentialAction":[{"@type":"ReadAction","target":["https:\/\/nomadbaby.eu\/fr\/politique-de-cookies\/"]}]},{"@type":"BreadcrumbList","@id":"https:\/\/nomadbaby.eu\/fr\/politique-de-cookies\/#breadcrumb","itemListElement":[{"@type":"ListItem","position":1,"name":"Portada","item":"https:\/\/nomadbaby.eu\/fr\/accueil\/"},{"@type":"ListItem","position":2,"name":"Politique de cookies"}]},{"@type":"WebSite","@id":"https:\/\/nomadbaby.eu\/fr\/#website","url":"https:\/\/nomadbaby.eu\/fr\/","name":"NoMadBaby","description":"","publisher":{"@id":"https:\/\/nomadbaby.eu\/fr\/#organization"},"potentialAction":[{"@type":"SearchAction","target":{"@type":"EntryPoint","urlTemplate":"https:\/\/nomadbaby.eu\/fr\/?s={search_term_string}"},"query-input":{"@type":"PropertyValueSpecification","valueRequired":true,"valueName":"search_term_string"}}],"inLanguage":"fr-FR"},{"@type":"Organization","@id":"https:\/\/nomadbaby.eu\/fr\/#organization","name":"NoMadBaby","url":"https:\/\/nomadbaby.eu\/fr\/","logo":{"@type":"ImageObject","inLanguage":"fr-FR","@id":"https:\/\/nomadbaby.eu\/fr\/#\/schema\/logo\/image\/","url":"https:\/\/nomadbaby.eu\/wp-content\/uploads\/2024\/05\/Diseno-sin-titulo.png","contentUrl":"https:\/\/nomadbaby.eu\/wp-content\/uploads\/2024\/05\/Diseno-sin-titulo.png","width":375,"height":375,"caption":"NoMadBaby"},"image":{"@id":"https:\/\/nomadbaby.eu\/fr\/#\/schema\/logo\/image\/"}}]}},"_links":{"self":[{"href":"https:\/\/nomadbaby.eu\/fr\/wp-json\/wp\/v2\/pages\/950","targetHints":{"allow":["GET"]}}],"collection":[{"href":"https:\/\/nomadbaby.eu\/fr\/wp-json\/wp\/v2\/pages"}],"about":[{"href":"https:\/\/nomadbaby.eu\/fr\/wp-json\/wp\/v2\/types\/page"}],"replies":[{"embeddable":true,"href":"https:\/\/nomadbaby.eu\/fr\/wp-json\/wp\/v2\/comments?post=950"}],"version-history":[{"count":1,"href":"https:\/\/nomadbaby.eu\/fr\/wp-json\/wp\/v2\/pages\/950\/revisions"}],"predecessor-version":[{"id":2292,"href":"https:\/\/nomadbaby.eu\/fr\/wp-json\/wp\/v2\/pages\/950\/revisions\/2292"}],"wp:attachment":[{"href":"https:\/\/nomadbaby.eu\/fr\/wp-json\/wp\/v2\/media?parent=950"}],"curies":[{"name":"wp","href":"https:\/\/api.w.org\/{rel}","templated":true}]}}